{"id":13723,"date":"2020-12-16T11:13:43","date_gmt":"2020-12-16T11:13:43","guid":{"rendered":"https:\/\/www.evotegra.de\/datensaetze\/"},"modified":"2020-12-18T13:14:59","modified_gmt":"2020-12-18T13:14:59","slug":"datensaetze","status":"publish","type":"page","link":"https:\/\/www.evotegra.de\/de\/datensaetze\/","title":{"rendered":"Datens\u00e4tze"},"content":{"rendered":"<p><div class=\"fusion-fullwidth fullwidth-box fusion-builder-row-1 nonhundred-percent-fullwidth non-hundred-percent-height-scrolling\" style=\"--awb-border-radius-top-left:0px;--awb-border-radius-top-right:0px;--awb-border-radius-bottom-right:0px;--awb-border-radius-bottom-left:0px;\" ><div class=\"fusion-builder-row fusion-row\"><div class=\"fusion-layout-column fusion_builder_column fusion-builder-column-0 fusion_builder_column_1_1 1_1 fusion-one-full fusion-column-first fusion-column-last\" style=\"--awb-bg-size:cover;\"><div class=\"fusion-column-wrapper fusion-column-has-shadow fusion-flex-column-wrapper-legacy\"><div class=\"fusion-sep-clear\"><\/div><div class=\"fusion-separator fusion-full-width-sep\" style=\"margin-left: auto;margin-right: auto;width:100%;\"><div class=\"fusion-separator-border sep-single sep-solid\" style=\"border-color:#e0dede;border-top-width:1px;\"><\/div><\/div><div class=\"fusion-sep-clear\"><\/div><div class=\"fusion-clearfix\"><\/div><\/div><\/div><\/div><\/div><div class=\"fusion-fullwidth fullwidth-box fusion-builder-row-2 nonhundred-percent-fullwidth non-hundred-percent-height-scrolling\" style=\"--awb-border-radius-top-left:0px;--awb-border-radius-top-right:0px;--awb-border-radius-bottom-right:0px;--awb-border-radius-bottom-left:0px;\" ><div class=\"fusion-builder-row fusion-row\"><div class=\"fusion-layout-column fusion_builder_column fusion-builder-column-1 fusion_builder_column_1_2 1_2 fusion-one-half fusion-column-first\" style=\"--awb-bg-size:cover;width:50%;width:calc(50% - ( ( 4% ) * 0.5 ) );margin-right: 4%;\"><div class=\"fusion-column-wrapper fusion-column-has-shadow fusion-flex-column-wrapper-legacy\"><div class=\"fusion-title title fusion-title-1 fusion-sep-none fusion-title-text fusion-title-size-two\"><h2 class=\"title-heading-left\" style=\"margin:0;\">EVO \/ 2MP \/ TRFC \/ DE<\/h2><\/div><div class=\"fusion-text fusion-text-1\"><p>Unser deutscher Verkehrsdatensatz enth\u00e4lt mehr als 300.000 Bilder mit mehr als 1,2 Millionen annotierten Objekten in \u00fcber 260 Klassen. Das Klassensystem basiert auf der Stra\u00dfenverkehrsordnung (StVo) und umfasst Verkehrsschilder und Lichtsignalanlagen. W\u00e4hrend der Datenerfassung garantieren Distanzfilter einen Mindestabstand zwischen den einzelnen Bildern. Der Datensatz enth\u00e4lt Stadt-, Dorf, Landstra\u00dfen-, Bundesstra\u00dfen- und Autobahnszenen bei allen Wetterbedingungen, Tages- und Jahreszeiten. Es enth\u00e4lt eine Reihe von Grenzf\u00e4llen wie extremes Licht, Schnee und Regen, um Deep-Learning-Algorithmen f\u00fcr die Erkennung von Verkehrsszenen zu validieren. Da der Datensatz kontinuierlich erweitert wird, geben wir f\u00fcr einige Eigenschaften garantierte Mindestzahlen an.<\/p>\n<p>Spezifikationen:<br \/>\nAufl\u00f6sung: 1920&#215;1200 Pixel<br \/>\nKamera: Basler Ace acA1920-40uc<br \/>\nSensor: Sony IMX249<br \/>\nObjektiv: Tamron: M1112FM08<br \/>\nFormat: JPEG (Qualit\u00e4t 95-100%)<br \/>\nGr\u00f6\u00dfe: 220 GB+<br \/>\nClasses: 274+<br \/>\nBilder: 300.000+<br \/>\nMindestabstand zwischen einzelnen Bildern: 4m<\/p>\n<p>Weitere Dokumente:<\/p>\n<p><a href=\"https:\/\/www.evotegra.de\/wp-content\/uploads\/2020\/12\/stats-4.xlsx\">Lade Klassenstatistik<\/a><\/p>\n<p><a href=\"https:\/\/www.evotegra.de\/wp-content\/uploads\/2020\/12\/german_taxonomy_draft_v1.3.pdf\">Taxonomie herunterladen<\/a><\/p>\n<p><a href=\"https:\/\/www.evotegra.de\/wp-content\/uploads\/2020\/12\/evo_2mp_trfc_de_visual_samples.zip\">Visuelle Beispiele herunterladen<\/a><\/p>\n<p><a href=\"https:\/\/www.evotegra.de\/wp-content\/uploads\/2020\/12\/evo_2mp_trfc_de_samples.zip\">Testdatensatz herunterladen<\/a><\/p>\n<\/div><div class=\"fusion-clearfix\"><\/div><\/div><\/div><div class=\"fusion-layout-column fusion_builder_column fusion-builder-column-2 fusion_builder_column_1_2 1_2 fusion-one-half fusion-column-last\" style=\"--awb-bg-size:cover;width:50%;width:calc(50% - ( ( 4% ) * 0.5 ) );\"><div class=\"fusion-column-wrapper fusion-column-has-shadow fusion-flex-column-wrapper-legacy\"><div class=\"fusion-image-carousel fusion-image-carousel-auto fusion-image-carousel-1 fusion-carousel-border\"><div class=\"awb-carousel awb-swiper awb-swiper-carousel\" data-autoplay=\"yes\" data-columns=\"1\" data-itemmargin=\"13\" data-itemwidth=\"180\" data-touchscroll=\"no\" data-imagesize=\"auto\" style=\"--awb-columns:1;\"><div class=\"swiper-wrapper fusion-flex-align-items-center\"><div class=\"swiper-slide\"><div class=\"fusion-carousel-item-wrapper\"><div class=\"fusion-image-wrapper hover-type-zoomin\"><img decoding=\"async\" width=\"1562\" height=\"945\" src=\"https:\/\/www.evotegra.de\/wp-content\/uploads\/2020\/03\/image_screenshot_12.03.2020_15.png\" class=\"attachment-full size-full\" alt=\"\" srcset=\"https:\/\/www.evotegra.de\/wp-content\/uploads\/2020\/03\/image_screenshot_12.03.2020_15-200x121.png 200w, https:\/\/www.evotegra.de\/wp-content\/uploads\/2020\/03\/image_screenshot_12.03.2020_15-300x181.png 300w, https:\/\/www.evotegra.de\/wp-content\/uploads\/2020\/03\/image_screenshot_12.03.2020_15-400x242.png 400w, https:\/\/www.evotegra.de\/wp-content\/uploads\/2020\/03\/image_screenshot_12.03.2020_15-600x363.png 600w, https:\/\/www.evotegra.de\/wp-content\/uploads\/2020\/03\/image_screenshot_12.03.2020_15-768x465.png 768w, https:\/\/www.evotegra.de\/wp-content\/uploads\/2020\/03\/image_screenshot_12.03.2020_15-800x484.png 800w, https:\/\/www.evotegra.de\/wp-content\/uploads\/2020\/03\/image_screenshot_12.03.2020_15-1024x620.png 1024w, https:\/\/www.evotegra.de\/wp-content\/uploads\/2020\/03\/image_screenshot_12.03.2020_15-1200x726.png 1200w, https:\/\/www.evotegra.de\/wp-content\/uploads\/2020\/03\/image_screenshot_12.03.2020_15-1536x929.png 1536w, https:\/\/www.evotegra.de\/wp-content\/uploads\/2020\/03\/image_screenshot_12.03.2020_15.png 1562w\" sizes=\"(max-width: 1562px) 100vw, 1562px\" \/><\/div><\/div><\/div><div class=\"swiper-slide\"><div class=\"fusion-carousel-item-wrapper\"><div class=\"fusion-image-wrapper hover-type-zoomin\"><img decoding=\"async\" width=\"1569\" height=\"947\" src=\"https:\/\/www.evotegra.de\/wp-content\/uploads\/2020\/03\/image_screenshot_12.03.2020_7.png\" class=\"attachment-full size-full\" alt=\"\" srcset=\"https:\/\/www.evotegra.de\/wp-content\/uploads\/2020\/03\/image_screenshot_12.03.2020_7-200x121.png 200w, https:\/\/www.evotegra.de\/wp-content\/uploads\/2020\/03\/image_screenshot_12.03.2020_7-300x181.png 300w, https:\/\/www.evotegra.de\/wp-content\/uploads\/2020\/03\/image_screenshot_12.03.2020_7-400x241.png 400w, https:\/\/www.evotegra.de\/wp-content\/uploads\/2020\/03\/image_screenshot_12.03.2020_7-600x362.png 600w, https:\/\/www.evotegra.de\/wp-content\/uploads\/2020\/03\/image_screenshot_12.03.2020_7-768x464.png 768w, https:\/\/www.evotegra.de\/wp-content\/uploads\/2020\/03\/image_screenshot_12.03.2020_7-800x483.png 800w, https:\/\/www.evotegra.de\/wp-content\/uploads\/2020\/03\/image_screenshot_12.03.2020_7-1024x618.png 1024w, https:\/\/www.evotegra.de\/wp-content\/uploads\/2020\/03\/image_screenshot_12.03.2020_7-1200x724.png 1200w, https:\/\/www.evotegra.de\/wp-content\/uploads\/2020\/03\/image_screenshot_12.03.2020_7-1536x927.png 1536w, https:\/\/www.evotegra.de\/wp-content\/uploads\/2020\/03\/image_screenshot_12.03.2020_7.png 1569w\" sizes=\"(max-width: 1569px) 100vw, 1569px\" \/><\/div><\/div><\/div><div class=\"swiper-slide\"><div class=\"fusion-carousel-item-wrapper\"><div class=\"fusion-image-wrapper hover-type-zoomin\"><img decoding=\"async\" width=\"1561\" height=\"937\" src=\"https:\/\/www.evotegra.de\/wp-content\/uploads\/2020\/03\/image_screenshot_12.03.2020_10.png\" class=\"attachment-full size-full\" alt=\"\" srcset=\"https:\/\/www.evotegra.de\/wp-content\/uploads\/2020\/03\/image_screenshot_12.03.2020_10-200x120.png 200w, https:\/\/www.evotegra.de\/wp-content\/uploads\/2020\/03\/image_screenshot_12.03.2020_10-300x180.png 300w, https:\/\/www.evotegra.de\/wp-content\/uploads\/2020\/03\/image_screenshot_12.03.2020_10-400x240.png 400w, https:\/\/www.evotegra.de\/wp-content\/uploads\/2020\/03\/image_screenshot_12.03.2020_10-600x360.png 600w, https:\/\/www.evotegra.de\/wp-content\/uploads\/2020\/03\/image_screenshot_12.03.2020_10-768x461.png 768w, https:\/\/www.evotegra.de\/wp-content\/uploads\/2020\/03\/image_screenshot_12.03.2020_10-800x480.png 800w, https:\/\/www.evotegra.de\/wp-content\/uploads\/2020\/03\/image_screenshot_12.03.2020_10-1024x615.png 1024w, https:\/\/www.evotegra.de\/wp-content\/uploads\/2020\/03\/image_screenshot_12.03.2020_10-1200x720.png 1200w, https:\/\/www.evotegra.de\/wp-content\/uploads\/2020\/03\/image_screenshot_12.03.2020_10-1536x922.png 1536w, https:\/\/www.evotegra.de\/wp-content\/uploads\/2020\/03\/image_screenshot_12.03.2020_10.png 1561w\" sizes=\"(max-width: 1561px) 100vw, 1561px\" \/><\/div><\/div><\/div><div class=\"swiper-slide\"><div class=\"fusion-carousel-item-wrapper\"><div class=\"fusion-image-wrapper hover-type-zoomin\"><img decoding=\"async\" width=\"1563\" height=\"941\" src=\"https:\/\/www.evotegra.de\/wp-content\/uploads\/2020\/03\/image_screenshot_12.03.2020_11.png\" class=\"attachment-full size-full\" alt=\"\" srcset=\"https:\/\/www.evotegra.de\/wp-content\/uploads\/2020\/03\/image_screenshot_12.03.2020_11-200x120.png 200w, https:\/\/www.evotegra.de\/wp-content\/uploads\/2020\/03\/image_screenshot_12.03.2020_11-300x181.png 300w, https:\/\/www.evotegra.de\/wp-content\/uploads\/2020\/03\/image_screenshot_12.03.2020_11-400x241.png 400w, https:\/\/www.evotegra.de\/wp-content\/uploads\/2020\/03\/image_screenshot_12.03.2020_11-600x361.png 600w, https:\/\/www.evotegra.de\/wp-content\/uploads\/2020\/03\/image_screenshot_12.03.2020_11-768x462.png 768w, https:\/\/www.evotegra.de\/wp-content\/uploads\/2020\/03\/image_screenshot_12.03.2020_11-800x482.png 800w, https:\/\/www.evotegra.de\/wp-content\/uploads\/2020\/03\/image_screenshot_12.03.2020_11-1024x616.png 1024w, https:\/\/www.evotegra.de\/wp-content\/uploads\/2020\/03\/image_screenshot_12.03.2020_11-1200x722.png 1200w, https:\/\/www.evotegra.de\/wp-content\/uploads\/2020\/03\/image_screenshot_12.03.2020_11-1536x925.png 1536w, https:\/\/www.evotegra.de\/wp-content\/uploads\/2020\/03\/image_screenshot_12.03.2020_11.png 1563w\" sizes=\"(max-width: 1563px) 100vw, 1563px\" \/><\/div><\/div><\/div><div class=\"swiper-slide\"><div class=\"fusion-carousel-item-wrapper\"><div class=\"fusion-image-wrapper hover-type-zoomin\"><img decoding=\"async\" width=\"1568\" height=\"946\" src=\"https:\/\/www.evotegra.de\/wp-content\/uploads\/2020\/03\/image_screenshot_12.03.2020_12.png\" class=\"attachment-full size-full\" alt=\"\" srcset=\"https:\/\/www.evotegra.de\/wp-content\/uploads\/2020\/03\/image_screenshot_12.03.2020_12-200x121.png 200w, https:\/\/www.evotegra.de\/wp-content\/uploads\/2020\/03\/image_screenshot_12.03.2020_12-300x181.png 300w, https:\/\/www.evotegra.de\/wp-content\/uploads\/2020\/03\/image_screenshot_12.03.2020_12-400x241.png 400w, https:\/\/www.evotegra.de\/wp-content\/uploads\/2020\/03\/image_screenshot_12.03.2020_12-600x362.png 600w, https:\/\/www.evotegra.de\/wp-content\/uploads\/2020\/03\/image_screenshot_12.03.2020_12-768x463.png 768w, https:\/\/www.evotegra.de\/wp-content\/uploads\/2020\/03\/image_screenshot_12.03.2020_12-800x483.png 800w, https:\/\/www.evotegra.de\/wp-content\/uploads\/2020\/03\/image_screenshot_12.03.2020_12-1024x618.png 1024w, https:\/\/www.evotegra.de\/wp-content\/uploads\/2020\/03\/image_screenshot_12.03.2020_12-1200x724.png 1200w, https:\/\/www.evotegra.de\/wp-content\/uploads\/2020\/03\/image_screenshot_12.03.2020_12-1536x927.png 1536w, https:\/\/www.evotegra.de\/wp-content\/uploads\/2020\/03\/image_screenshot_12.03.2020_12.png 1568w\" sizes=\"(max-width: 1568px) 100vw, 1568px\" \/><\/div><\/div><\/div><div class=\"swiper-slide\"><div class=\"fusion-carousel-item-wrapper\"><div class=\"fusion-image-wrapper hover-type-zoomin\"><img decoding=\"async\" width=\"1565\" height=\"937\" src=\"https:\/\/www.evotegra.de\/wp-content\/uploads\/2020\/03\/image_screenshot_12.03.2020_16.png\" class=\"attachment-full size-full\" alt=\"\" srcset=\"https:\/\/www.evotegra.de\/wp-content\/uploads\/2020\/03\/image_screenshot_12.03.2020_16-200x120.png 200w, https:\/\/www.evotegra.de\/wp-content\/uploads\/2020\/03\/image_screenshot_12.03.2020_16-300x180.png 300w, https:\/\/www.evotegra.de\/wp-content\/uploads\/2020\/03\/image_screenshot_12.03.2020_16-400x239.png 400w, https:\/\/www.evotegra.de\/wp-content\/uploads\/2020\/03\/image_screenshot_12.03.2020_16-600x359.png 600w, https:\/\/www.evotegra.de\/wp-content\/uploads\/2020\/03\/image_screenshot_12.03.2020_16-768x460.png 768w, https:\/\/www.evotegra.de\/wp-content\/uploads\/2020\/03\/image_screenshot_12.03.2020_16-800x479.png 800w, https:\/\/www.evotegra.de\/wp-content\/uploads\/2020\/03\/image_screenshot_12.03.2020_16-1024x613.png 1024w, https:\/\/www.evotegra.de\/wp-content\/uploads\/2020\/03\/image_screenshot_12.03.2020_16-1200x718.png 1200w, https:\/\/www.evotegra.de\/wp-content\/uploads\/2020\/03\/image_screenshot_12.03.2020_16-1536x920.png 1536w, https:\/\/www.evotegra.de\/wp-content\/uploads\/2020\/03\/image_screenshot_12.03.2020_16.png 1565w\" sizes=\"(max-width: 1565px) 100vw, 1565px\" \/><\/div><\/div><\/div><\/div><div class=\"awb-swiper-button awb-swiper-button-prev\"><i class=\"awb-icon-angle-left\" aria-hidden=\"true\"><\/i><\/div><div class=\"awb-swiper-button awb-swiper-button-next\"><i class=\"awb-icon-angle-right\" aria-hidden=\"true\"><\/i><\/div><\/div><\/div><div class=\"fusion-clearfix\"><\/div><\/div><\/div><\/div><\/div><\/p>\n","protected":false},"excerpt":{"rendered":"","protected":false},"author":1998,"featured_media":0,"parent":0,"menu_order":0,"comment_status":"closed","ping_status":"closed","template":"","meta":{"footnotes":""},"_links":{"self":[{"href":"https:\/\/www.evotegra.de\/de\/wp-json\/wp\/v2\/pages\/13723"}],"collection":[{"href":"https:\/\/www.evotegra.de\/de\/wp-json\/wp\/v2\/pages"}],"about":[{"href":"https:\/\/www.evotegra.de\/de\/wp-json\/wp\/v2\/types\/page"}],"author":[{"embeddable":true,"href":"https:\/\/www.evotegra.de\/de\/wp-json\/wp\/v2\/users\/1998"}],"replies":[{"embeddable":true,"href":"https:\/\/www.evotegra.de\/de\/wp-json\/wp\/v2\/comments?post=13723"}],"version-history":[{"count":52,"href":"https:\/\/www.evotegra.de\/de\/wp-json\/wp\/v2\/pages\/13723\/revisions"}],"predecessor-version":[{"id":13810,"href":"https:\/\/www.evotegra.de\/de\/wp-json\/wp\/v2\/pages\/13723\/revisions\/13810"}],"wp:attachment":[{"href":"https:\/\/www.evotegra.de\/de\/wp-json\/wp\/v2\/media?parent=13723"}],"curies":[{"name":"wp","href":"https:\/\/api.w.org\/{rel}","templated":true}]}}