{"id":13486,"date":"2020-02-11T18:19:28","date_gmt":"2020-02-11T18:19:28","guid":{"rendered":"https:\/\/www.evotegra.de\/rebotnix_spiegeltv\/"},"modified":"2020-02-12T06:03:48","modified_gmt":"2020-02-12T06:03:48","slug":"rebotnix_spiegeltv","status":"publish","type":"page","link":"https:\/\/www.evotegra.de\/de\/rebotnix_spiegeltv\/","title":{"rendered":"Rebotnix_SpiegelTV"},"content":{"rendered":"<div class=\"fusion-fullwidth fullwidth-box fusion-builder-row-1 nonhundred-percent-fullwidth non-hundred-percent-height-scrolling\" style=\"--awb-border-radius-top-left:0px;--awb-border-radius-top-right:0px;--awb-border-radius-bottom-right:0px;--awb-border-radius-bottom-left:0px;\" ><div class=\"fusion-builder-row fusion-row\"><div class=\"fusion-layout-column fusion_builder_column fusion-builder-column-0 fusion_builder_column_1_1 1_1 fusion-one-full fusion-column-first fusion-column-last\" style=\"--awb-bg-size:cover;\"><div class=\"fusion-column-wrapper fusion-column-has-shadow fusion-flex-column-wrapper-legacy\"><div class=\"fusion-title title fusion-title-1 fusion-sep-none fusion-title-text fusion-title-size-two\"><h2 class=\"title-heading-left\" style=\"margin:0;\"><span id=\"ember100\" class=\"ember-view\">Wichtige Information zur Rebotnix &#8222;PIXELCAM&#8220;<\/span><\/h2><\/div><div class=\"fusion-text fusion-text-1\"><p>Trotz falscher Medienberichte lieferte die Evotegra GmbH die Echtzeit-Gesichtserkennungs- und Verpixelungssoftware inklusive aller KI-Komponenten die w\u00e4hrend der Sendung &#8222;Bundespolizei Live&#8220; von Spiegel TV \/ Kabel 1 am 18.09.2019 zum Einsatz kam. Die Software wurde auf von Rebotnix bereitgestellten Servern installiert und ausgef\u00fchrt. Aufgrund der kurzfristigen Anpassungen an den Software hatte Rebotnix die M\u00f6glichkeit zum Zugriff auf unsere Software, KI-Komponenten und Quellcodes. Kurz nach der Show kontaktierte der CEO von Slot3 \/ Rebotnix alle Evotegra-Teammitglieder mit der Bitte um ein Telefongespr\u00e4ch. Die Evotegra GmbH leitet derzeit rechtliche Schritte gegen die Slot3 GmbH \/ Rebotnix im Zusammenhang mit der Nutzung unserer Software ein.<\/p>\n<p>Das <a href=\"https:\/\/rebotnix.com\/pixelcam\/\">Rebotnix \u201ePixelcam\u201c System<\/a> enth\u00e4lt \u00e4hnliche Funktionen (z.B. \u201eAdaptive Blurring\u201c, Tracking), Leistungsdaten (15 ms) und zeigt \u00e4hnliche Erkennungseigenschaften wie die Evotegra KI-Software, auf die Rebotnix Zugriff hatte. Trotz der Behauptung einer zweij\u00e4hrigen Entwicklungszeit hatten wir im Laufe der Zusammenarbeit von Rebotnix und Evotegra im Jahr 2019 zu keinem Zeitpunkt Hinweise auf eine Rebotnix-Software, die zur Echtzeit-Bildverarbeitung f\u00fcr das Live-Fernsehen geeignet w\u00e4re. Wir werden unsere Rechte und Interessen im vollen Umfang unserer rechtlichen M\u00f6glicheiten durchsetzen.<\/p>\n<p>Wir werden in K\u00fcrze eine vollst\u00e4ndige Pressemitteilung inklusive der Rolle des Spiegel TV Managements ver\u00f6ffentlichen<\/p>\n<\/div><div class=\"fusion-image-element fusion-image-align-center in-legacy-container\" style=\"text-align:center;\"><div class=\"imageframe-align-center\"><span class=\" fusion-imageframe imageframe-none imageframe-1 hover-type-none\"><img decoding=\"async\" width=\"1200\" height=\"635\" title=\"Bildschirmfoto 2020-02-11 um 20.07.46_blurred\" src=\"https:\/\/www.evotegra.de\/wp-content\/uploads\/2020\/02\/Bildschirmfoto-2020-02-11-um-20.07.46_blurred-1200x635.jpg\" alt class=\"img-responsive wp-image-13544\" srcset=\"https:\/\/www.evotegra.de\/wp-content\/uploads\/2020\/02\/Bildschirmfoto-2020-02-11-um-20.07.46_blurred-200x106.jpg 200w, https:\/\/www.evotegra.de\/wp-content\/uploads\/2020\/02\/Bildschirmfoto-2020-02-11-um-20.07.46_blurred-400x212.jpg 400w, https:\/\/www.evotegra.de\/wp-content\/uploads\/2020\/02\/Bildschirmfoto-2020-02-11-um-20.07.46_blurred-600x317.jpg 600w, https:\/\/www.evotegra.de\/wp-content\/uploads\/2020\/02\/Bildschirmfoto-2020-02-11-um-20.07.46_blurred-800x423.jpg 800w, https:\/\/www.evotegra.de\/wp-content\/uploads\/2020\/02\/Bildschirmfoto-2020-02-11-um-20.07.46_blurred-1200x635.jpg 1200w, https:\/\/www.evotegra.de\/wp-content\/uploads\/2020\/02\/Bildschirmfoto-2020-02-11-um-20.07.46_blurred.jpg 1255w\" sizes=\"(max-width: 800px) 100vw, 1200px\" \/><\/span><\/div><\/div><div class=\"fusion-text fusion-text-2\"><p>Dokumentation zur Benutzung der Evotegra KI Software zur Gesichtserkennung und Verpixelung im Zusammenhang mit Spiegel TV auf der \u00f6ffentlichen Website von Rebotnix vom 11.02.2020.<\/p>\n<\/div><div class=\"fusion-clearfix\"><\/div><\/div><\/div><\/div><\/div>\n","protected":false},"excerpt":{"rendered":"","protected":false},"author":1998,"featured_media":0,"parent":0,"menu_order":0,"comment_status":"closed","ping_status":"closed","template":"","meta":{"footnotes":""},"_links":{"self":[{"href":"https:\/\/www.evotegra.de\/de\/wp-json\/wp\/v2\/pages\/13486"}],"collection":[{"href":"https:\/\/www.evotegra.de\/de\/wp-json\/wp\/v2\/pages"}],"about":[{"href":"https:\/\/www.evotegra.de\/de\/wp-json\/wp\/v2\/types\/page"}],"author":[{"embeddable":true,"href":"https:\/\/www.evotegra.de\/de\/wp-json\/wp\/v2\/users\/1998"}],"replies":[{"embeddable":true,"href":"https:\/\/www.evotegra.de\/de\/wp-json\/wp\/v2\/comments?post=13486"}],"version-history":[{"count":22,"href":"https:\/\/www.evotegra.de\/de\/wp-json\/wp\/v2\/pages\/13486\/revisions"}],"predecessor-version":[{"id":13548,"href":"https:\/\/www.evotegra.de\/de\/wp-json\/wp\/v2\/pages\/13486\/revisions\/13548"}],"wp:attachment":[{"href":"https:\/\/www.evotegra.de\/de\/wp-json\/wp\/v2\/media?parent=13486"}],"curies":[{"name":"wp","href":"https:\/\/api.w.org\/{rel}","templated":true}]}}