{"id":12722,"date":"2019-08-13T05:23:40","date_gmt":"2019-08-13T05:23:40","guid":{"rendered":"http:\/\/www.evotegra.de\/startseite\/"},"modified":"2019-11-22T20:23:10","modified_gmt":"2019-11-22T20:23:10","slug":"startseite","status":"publish","type":"page","link":"https:\/\/www.evotegra.de\/de\/","title":{"rendered":"Startseite"},"content":{"rendered":"<p><div class=\"fusion-fullwidth fullwidth-box fusion-builder-row-1 nonhundred-percent-fullwidth non-hundred-percent-height-scrolling\" style=\"--awb-background-position:left top;--awb-border-radius-top-left:0px;--awb-border-radius-top-right:0px;--awb-border-radius-bottom-right:0px;--awb-border-radius-bottom-left:0px;--awb-padding-top:20px;--awb-padding-bottom:20px;--awb-border-sizes-top:0px;--awb-border-sizes-bottom:0px;\" ><div class=\"fusion-builder-row fusion-row\"><div class=\"fusion-layout-column fusion_builder_column fusion-builder-column-0 fusion_builder_column_1_1 1_1 fusion-one-full fusion-column-first fusion-column-last fusion-column-no-min-height\" style=\"--awb-bg-size:cover;--awb-margin-top:0px;--awb-margin-bottom:0px;\"><div class=\"fusion-column-wrapper fusion-flex-column-wrapper-legacy\"><div class=\"fusion-text fusion-text-1\"><h1 style=\"text-align: center;\">We drive your business<\/h1>\n<p style=\"text-align: center;\">Evotegra GmbH is provider of innovative solutions using <a href=\"https:\/\/www.evotegra.de\/Evo\/\">Artificial Intelligence<\/a> in the area of automotive, industry and banking.<br \/>\nWith our intelligent solutions we help you to stay ahead in a digitalized world.<\/p>\n<\/div><div class=\"fusion-sep-clear\"><\/div><div class=\"fusion-separator fusion-full-width-sep\" style=\"margin-left: auto;margin-right: auto;margin-top:20px;margin-bottom:50px;width:100%;\"><div class=\"fusion-separator-border sep-single sep-solid\" style=\"border-color:#cdcdcd;border-top-width:1px;\"><\/div><\/div><div class=\"fusion-sep-clear\"><\/div><div class=\"fusion-clearfix\"><\/div><\/div><\/div><div class=\"fusion-layout-column fusion_builder_column fusion-builder-column-1 fusion_builder_column_1_1 1_1 fusion-one-full fusion-column-first fusion-column-last fusion-column-no-min-height\" style=\"--awb-bg-size:cover;--awb-margin-top:0px;--awb-margin-bottom:0px;\"><div class=\"fusion-column-wrapper fusion-flex-column-wrapper-legacy\"><div class=\"fusion-flip-boxes flip-boxes row fusion-columns-3 flip-effect-classic\"><div class=\"fusion-flip-box-wrapper fusion-column col-lg-4 col-md-4 col-sm-4\"><div class=\"fusion-flip-box flip-right\" tabindex=\"0\"><div class=\"flip-box-inner-wrapper\"><div class=\"flip-box-front\" style=\"--awb-border-size:1px;--awb-border-radius:4px;--awb-background-color-front:rgba(66,89,104,0.05);--awb-title-front-color:#425968;\"><div class=\"flip-box-front-inner\"><div class=\"flip-box-grafix flip-box-image\"><img decoding=\"async\" src=\"https:\/\/www.evotegra.de\/wp-content\/uploads\/2017\/09\/Automotive_Flip.png\" width=\"120\" height=\"120\" alt=\"KI Automotive\" \/><\/div><h2 class=\"flip-box-heading without-text\">Automotive<\/h2><\/div><\/div><div class=\"flip-box-back\" style=\"--awb-border-size:1px;--awb-border-radius:4px;--awb-background-color-back:#00aeef;\"><div class=\"flip-box-back-inner\">\n<p>Wir bieten L\u00f6sungen von der Wahrnehmung bis zur Objekterkennung f\u00fcr autonomes Fahren oder die Erfassung von Daten f\u00fcr SD\/HD Karten.<\/p>\n<\/div><\/div><\/div><\/div><\/div><div class=\"fusion-flip-box-wrapper fusion-column col-lg-4 col-md-4 col-sm-4\"><div class=\"fusion-flip-box flip-right\" tabindex=\"0\"><div class=\"flip-box-inner-wrapper\"><div class=\"flip-box-front\" style=\"--awb-border-size:1px;--awb-border-radius:4px;--awb-background-color-front:rgba(66,89,104,0.05);--awb-title-front-color:#425968;\"><div class=\"flip-box-front-inner\"><div class=\"flip-box-grafix flip-box-image\"><img decoding=\"async\" src=\"https:\/\/www.evotegra.de\/wp-content\/uploads\/2017\/09\/IndustrySolutions_Flip.png\" width=\"120\" height=\"120\" alt=\"KI L\u00f6sungen Industrie\" \/><\/div><h2 class=\"flip-box-heading without-text\">Industrie L\u00f6sungen<\/h2><\/div><\/div><div class=\"flip-box-back\" style=\"--awb-border-size:1px;--awb-border-radius:4px;--awb-background-color-back:#00aeef;\"><div class=\"flip-box-back-inner\">\n<p>Wir automatisieren, was bisher nicht automatisierbar war. Wir benutzen aktuellste Technologien der k\u00fcnstlichen Intelligenz um ihre Herausforderungen der Digitatlisierung zu l\u00f6sen.<\/p>\n<\/div><\/div><\/div><\/div><\/div><div class=\"fusion-flip-box-wrapper fusion-column col-lg-4 col-md-4 col-sm-4\"><div class=\"fusion-flip-box flip-right\" tabindex=\"0\"><div class=\"flip-box-inner-wrapper\"><div class=\"flip-box-front\" style=\"--awb-border-size:1px;--awb-border-radius:4px;--awb-background-color-front:rgba(66,89,104,0.05);--awb-title-front-color:#425968;\"><div class=\"flip-box-front-inner\"><div class=\"flip-box-grafix flip-box-image\"><img decoding=\"async\" src=\"https:\/\/www.evotegra.de\/wp-content\/uploads\/2017\/09\/Banking_Flip.png\" width=\"120\" height=\"120\" alt=\"KI Datenanonymisierung\" \/><\/div><h2 class=\"flip-box-heading without-text\">Banken<\/h2><\/div><\/div><div class=\"flip-box-back\" style=\"--awb-border-size:1px;--awb-border-radius:4px;--awb-background-color-back:#00aeef;\"><div class=\"flip-box-back-inner\">\n<p>Systemintegration und -migration als auch die Automatisierung von Prozessen mit aktueller Technologie der k\u00fcnstlichen Intelligenz sind der Kernbereich unserer Bankenl\u00f6sungen.<\/p>\n<\/div><\/div><\/div><\/div><\/div><div class=\"fusion-flip-box-wrapper fusion-column col-lg-4 col-md-4 col-sm-4\"><div class=\"fusion-flip-box flip-right\" tabindex=\"0\"><div class=\"flip-box-inner-wrapper\"><div class=\"flip-box-front\" style=\"--awb-background-color-front:rgba(66,89,104,0.05);--awb-title-front-color:#425968;\"><div class=\"flip-box-front-inner\"><div class=\"flip-box-grafix flip-box-image\"><img decoding=\"async\" src=\"https:\/\/www.evotegra.de\/wp-content\/uploads\/2017\/09\/SoftwareDevelopment_Flip.png\" width=\"120\" height=\"120\" alt=\"Automatisierung\" \/><\/div><h2 class=\"flip-box-heading without-text\">Software Entwicklung<\/h2><\/div><\/div><div class=\"flip-box-back\" style=\"--awb-background-color-back:#00aeef;\"><div class=\"flip-box-back-inner\">\n<p>Ma\u00dfgeschneiderte L\u00f6sungen f\u00fcr ihre Gesch\u00e4ftsprozesse!<\/p>\n<\/div><\/div><\/div><\/div><\/div><div class=\"fusion-flip-box-wrapper fusion-column col-lg-4 col-md-4 col-sm-4\"><div class=\"fusion-flip-box flip-right\" tabindex=\"0\"><div class=\"flip-box-inner-wrapper\"><div class=\"flip-box-front\" style=\"--awb-background-color-front:rgba(66,89,104,0.05);--awb-title-front-color:#425968;\"><div class=\"flip-box-front-inner\"><div class=\"flip-box-grafix flip-box-image\"><img decoding=\"async\" src=\"https:\/\/www.evotegra.de\/wp-content\/uploads\/2017\/09\/Artificial-intelligence_Flip.png\" width=\"120\" height=\"120\" alt=\"K\u00fcnstliche Intelligenz\" \/><\/div><h2 class=\"flip-box-heading without-text\">K\u00fcnstliche Intelligenz<\/h2><\/div><\/div><div class=\"flip-box-back\" style=\"--awb-background-color-back:#00aeef;\"><div class=\"flip-box-back-inner\">\n<p>Profitieren sie von unserer langj\u00e4hrigen Erfahrung im Bereich der k\u00fcnstlichen Intelligenz und Deep Learning um Ihre Herausforderungen im Bereich der Digitalisierung zu meistern!<\/p>\n<\/div><\/div><\/div><\/div><\/div><\/div><div class=\"clearfix\"><\/div><div class=\"fusion-clearfix\"><\/div><\/div><\/div><\/div><\/div><div class=\"fusion-fullwidth fullwidth-box fusion-builder-row-2 nonhundred-percent-fullwidth non-hundred-percent-height-scrolling\" style=\"--awb-background-position:left top;--awb-border-radius-top-left:0px;--awb-border-radius-top-right:0px;--awb-border-radius-bottom-right:0px;--awb-border-radius-bottom-left:0px;--awb-padding-top:0px;--awb-padding-bottom:25px;--awb-border-sizes-top:0px;--awb-border-sizes-bottom:0px;\" ><div class=\"fusion-builder-row fusion-row\"><\/div><\/div><\/p>\n","protected":false},"excerpt":{"rendered":"","protected":false},"author":1995,"featured_media":0,"parent":0,"menu_order":0,"comment_status":"closed","ping_status":"closed","template":"100-width.php","meta":{"footnotes":""},"_links":{"self":[{"href":"https:\/\/www.evotegra.de\/de\/wp-json\/wp\/v2\/pages\/12722"}],"collection":[{"href":"https:\/\/www.evotegra.de\/de\/wp-json\/wp\/v2\/pages"}],"about":[{"href":"https:\/\/www.evotegra.de\/de\/wp-json\/wp\/v2\/types\/page"}],"author":[{"embeddable":true,"href":"https:\/\/www.evotegra.de\/de\/wp-json\/wp\/v2\/users\/1995"}],"replies":[{"embeddable":true,"href":"https:\/\/www.evotegra.de\/de\/wp-json\/wp\/v2\/comments?post=12722"}],"version-history":[{"count":17,"href":"https:\/\/www.evotegra.de\/de\/wp-json\/wp\/v2\/pages\/12722\/revisions"}],"predecessor-version":[{"id":13241,"href":"https:\/\/www.evotegra.de\/de\/wp-json\/wp\/v2\/pages\/12722\/revisions\/13241"}],"wp:attachment":[{"href":"https:\/\/www.evotegra.de\/de\/wp-json\/wp\/v2\/media?parent=12722"}],"curies":[{"name":"wp","href":"https:\/\/api.w.org\/{rel}","templated":true}]}}