{"id":12709,"date":"2019-08-12T17:09:16","date_gmt":"2019-08-12T17:09:16","guid":{"rendered":"http:\/\/www.evotegra.de\/expertise\/"},"modified":"2019-11-22T20:23:03","modified_gmt":"2019-11-22T20:23:03","slug":"expertise","status":"publish","type":"page","link":"https:\/\/www.evotegra.de\/de\/expertise\/","title":{"rendered":"Expertise"},"content":{"rendered":"<div class=\"fusion-fullwidth fullwidth-box fusion-builder-row-1 hundred-percent-fullwidth non-hundred-percent-height-scrolling\" style=\"--awb-border-radius-top-left:0px;--awb-border-radius-top-right:0px;--awb-border-radius-bottom-right:0px;--awb-border-radius-bottom-left:0px;--awb-overflow:visible;\" ><div class=\"fusion-builder-row fusion-row\"><div class=\"fusion-layout-column fusion_builder_column fusion-builder-column-0 fusion_builder_column_1_2 1_2 fusion-one-half fusion-column-first\" style=\"--awb-padding-top:30px;--awb-padding-right:0px;--awb-padding-bottom:30px;--awb-padding-left:0px;--awb-bg-size:cover;width:48%; margin-right: 4%;\"><div class=\"fusion-column-wrapper fusion-flex-column-wrapper-legacy\"><div class=\"fusion-image-element in-legacy-container\"><span class=\" fusion-imageframe imageframe-none imageframe-1 hover-type-none\"><img decoding=\"async\" width=\"2208\" height=\"1392\" alt=\"KI Autonomes Fahren\" title=\"Automotive_Expertise\" src=\"https:\/\/www.evotegra.de\/wp-content\/uploads\/2016\/09\/Automotive_Expertise.png\" class=\"img-responsive wp-image-12471\" srcset=\"https:\/\/www.evotegra.de\/wp-content\/uploads\/2016\/09\/Automotive_Expertise-200x126.png 200w, https:\/\/www.evotegra.de\/wp-content\/uploads\/2016\/09\/Automotive_Expertise-400x252.png 400w, https:\/\/www.evotegra.de\/wp-content\/uploads\/2016\/09\/Automotive_Expertise-600x378.png 600w, https:\/\/www.evotegra.de\/wp-content\/uploads\/2016\/09\/Automotive_Expertise-800x504.png 800w, https:\/\/www.evotegra.de\/wp-content\/uploads\/2016\/09\/Automotive_Expertise-1200x757.png 1200w, https:\/\/www.evotegra.de\/wp-content\/uploads\/2016\/09\/Automotive_Expertise.png 2208w\" sizes=\"(max-width: 800px) 100vw, 600px\" \/><\/span><\/div><div class=\"fusion-clearfix\"><\/div><\/div><\/div><div class=\"fusion-layout-column fusion_builder_column fusion-builder-column-1 fusion_builder_column_1_2 1_2 fusion-one-half fusion-column-last\" style=\"--awb-padding-top:30px;--awb-padding-right:0px;--awb-padding-bottom:30px;--awb-padding-left:0px;--awb-bg-size:cover;width:48%;\"><div class=\"fusion-column-wrapper fusion-flex-column-wrapper-legacy\"><div class=\"fusion-title title fusion-title-1 fusion-sep-none fusion-title-text fusion-title-size-two\" style=\"--awb-margin-bottom:0px;\"><h2 class=\"title-heading-left\" style=\"margin:0;\">Autonomes Fahren<\/h2><\/div><div class=\"fusion-text fusion-text-1\"><p>Seit 2012 stellen wir in den Bereichen autonomes Fahren und Erfassung von Kartendaten eine breites L\u00f6sungsangebot zur Verf\u00fcgung.<\/p>\n<p>Von Klassifikation, Objekterkennung und Szenenverst\u00e4ndnis, \u00fcber Datenanalyse und Clouddienste bis hin zur crowd-basierten Datenerfassung unterst\u00fctzen wir unsere Kunden mit einem umfangreichen Angebot und Dienstleistungen im Bereich autonomes Fahren.<\/p>\n<\/div><div class=\"fusion-clearfix\"><\/div><\/div><\/div><div class=\"fusion-layout-column fusion_builder_column fusion-builder-column-2 fusion_builder_column_1_1 1_1 fusion-one-full fusion-column-first fusion-column-last fusion-column-no-min-height\" style=\"--awb-bg-size:cover;--awb-margin-top:0px;--awb-margin-bottom:0px;\"><div class=\"fusion-column-wrapper fusion-flex-column-wrapper-legacy\"><div class=\"fusion-sep-clear\"><\/div><div class=\"fusion-separator fusion-full-width-sep\" style=\"margin-left: auto;margin-right: auto;width:100%;\"><div class=\"fusion-separator-border sep-single sep-solid\" style=\"border-color:#e0dede;border-top-width:1px;\"><\/div><\/div><div class=\"fusion-sep-clear\"><\/div><div class=\"fusion-clearfix\"><\/div><\/div><\/div><div class=\"fusion-layout-column fusion_builder_column fusion-builder-column-3 fusion_builder_column_1_2 1_2 fusion-one-half fusion-column-first desktopFloatRightLast\" style=\"--awb-padding-top:30px;--awb-padding-right:0px;--awb-padding-bottom:30px;--awb-padding-left:0px;--awb-bg-size:cover;width:48%; margin-right: 4%;\"><div class=\"fusion-column-wrapper fusion-flex-column-wrapper-legacy\"><div class=\"fusion-image-element in-legacy-container\"><span class=\" fusion-imageframe imageframe-none imageframe-2 hover-type-none\"><img decoding=\"async\" width=\"2208\" height=\"1392\" alt=\"KI L\u00f6sungen Industrie\" title=\"IndustrySolutions_Expertise\" src=\"https:\/\/www.evotegra.de\/wp-content\/uploads\/2016\/09\/IndustrySolutions_Expertise.png\" class=\"img-responsive wp-image-12472\" srcset=\"https:\/\/www.evotegra.de\/wp-content\/uploads\/2016\/09\/IndustrySolutions_Expertise-200x126.png 200w, https:\/\/www.evotegra.de\/wp-content\/uploads\/2016\/09\/IndustrySolutions_Expertise-400x252.png 400w, https:\/\/www.evotegra.de\/wp-content\/uploads\/2016\/09\/IndustrySolutions_Expertise-600x378.png 600w, https:\/\/www.evotegra.de\/wp-content\/uploads\/2016\/09\/IndustrySolutions_Expertise-800x504.png 800w, https:\/\/www.evotegra.de\/wp-content\/uploads\/2016\/09\/IndustrySolutions_Expertise-1200x757.png 1200w, https:\/\/www.evotegra.de\/wp-content\/uploads\/2016\/09\/IndustrySolutions_Expertise.png 2208w\" sizes=\"(max-width: 800px) 100vw, 600px\" \/><\/span><\/div><div class=\"fusion-clearfix\"><\/div><\/div><\/div><div class=\"fusion-layout-column fusion_builder_column fusion-builder-column-4 fusion_builder_column_1_2 1_2 fusion-one-half fusion-column-last desktopFloatRight\" style=\"--awb-padding-top:30px;--awb-padding-right:0px;--awb-padding-bottom:30px;--awb-padding-left:0px;--awb-bg-size:cover;width:48%;\"><div class=\"fusion-column-wrapper fusion-flex-column-wrapper-legacy\"><div class=\"fusion-title title fusion-title-2 fusion-sep-none fusion-title-text fusion-title-size-two\" style=\"--awb-margin-bottom:0px;\"><h2 class=\"title-heading-left\" style=\"margin:0;\">Industrie L\u00f6sungen<\/h2><\/div><div class=\"fusion-text fusion-text-2\"><p>Der Gesch\u00e4ftsbereich hat seinen Schwerpunkt in der Prozessautomation mit der Hilfe von k\u00fcnstlicher Intelligenz und Deep Learning.<\/p>\n<p>Von Beratung und Projektmanagement \u00fcber Datenanalyse und Entwicklung bis hin zur tiefen Integration in die Prozesse bieten wir ein umfangreiches Angebot zur Integration von KI in individuelle Umgebungen.<\/p>\n<\/div><div class=\"fusion-clearfix\"><\/div><\/div><\/div><div class=\"fusion-layout-column fusion_builder_column fusion-builder-column-5 fusion_builder_column_1_1 1_1 fusion-one-full fusion-column-first fusion-column-last fusion-column-no-min-height\" style=\"--awb-bg-size:cover;--awb-margin-top:0px;--awb-margin-bottom:0px;\"><div class=\"fusion-column-wrapper fusion-flex-column-wrapper-legacy\"><div class=\"fusion-sep-clear\"><\/div><div class=\"fusion-separator fusion-full-width-sep\" style=\"margin-left: auto;margin-right: auto;width:100%;\"><div class=\"fusion-separator-border sep-single sep-solid\" style=\"border-color:#e0dede;border-top-width:1px;\"><\/div><\/div><div class=\"fusion-sep-clear\"><\/div><div class=\"fusion-clearfix\"><\/div><\/div><\/div><div class=\"fusion-layout-column fusion_builder_column fusion-builder-column-6 fusion_builder_column_1_2 1_2 fusion-one-half fusion-column-first\" style=\"--awb-padding-top:30px;--awb-padding-right:0px;--awb-padding-bottom:30px;--awb-padding-left:0px;--awb-bg-size:cover;width:48%; margin-right: 4%;\"><div class=\"fusion-column-wrapper fusion-flex-column-wrapper-legacy\"><div class=\"fusion-image-element in-legacy-container\"><span class=\" fusion-imageframe imageframe-none imageframe-3 hover-type-none\"><img decoding=\"async\" width=\"2208\" height=\"1392\" title=\"Banking_Expertise\" src=\"https:\/\/www.evotegra.de\/wp-content\/uploads\/2017\/09\/Banking_Expertise.png\" alt class=\"img-responsive wp-image-12468\" srcset=\"https:\/\/www.evotegra.de\/wp-content\/uploads\/2017\/09\/Banking_Expertise-200x126.png 200w, https:\/\/www.evotegra.de\/wp-content\/uploads\/2017\/09\/Banking_Expertise-400x252.png 400w, https:\/\/www.evotegra.de\/wp-content\/uploads\/2017\/09\/Banking_Expertise-600x378.png 600w, https:\/\/www.evotegra.de\/wp-content\/uploads\/2017\/09\/Banking_Expertise-800x504.png 800w, https:\/\/www.evotegra.de\/wp-content\/uploads\/2017\/09\/Banking_Expertise-1200x757.png 1200w, https:\/\/www.evotegra.de\/wp-content\/uploads\/2017\/09\/Banking_Expertise.png 2208w\" sizes=\"(max-width: 800px) 100vw, 600px\" \/><\/span><\/div><div class=\"fusion-clearfix\"><\/div><\/div><\/div><div class=\"fusion-layout-column fusion_builder_column fusion-builder-column-7 fusion_builder_column_1_2 1_2 fusion-one-half fusion-column-last\" style=\"--awb-padding-top:30px;--awb-padding-right:0px;--awb-padding-bottom:30px;--awb-padding-left:0px;--awb-bg-size:cover;width:48%;\"><div class=\"fusion-column-wrapper fusion-flex-column-wrapper-legacy\"><div class=\"fusion-title title fusion-title-3 fusion-sep-none fusion-title-text fusion-title-size-two\" style=\"--awb-margin-bottom:0px;\"><h2 class=\"title-heading-left\" style=\"margin:0;\">Bankenl\u00f6sungen<\/h2><\/div><div class=\"fusion-text fusion-text-3\"><p>Die Entwicklung von ma\u00dfgeschneiderten L\u00f6sungen sowie Systemintegration und -migration sind im Kernbereich uns Angebots f\u00fcr den Finanzbereich.<\/p>\n<p>Wir decken die gesamte technische Seite von der Erfassung der Anforderungen, \u00fcber die Softwareentwicklung bis zum Projekt- und Teammanagement ab. Dass wir die Sprache unserer Kunden im Bereich Asset Management und Investmentbanking sprechen ist hierbei ein erfolgskritischer Faktor.<\/p>\n<\/div><div class=\"fusion-clearfix\"><\/div><\/div><\/div><div class=\"fusion-layout-column fusion_builder_column fusion-builder-column-8 fusion_builder_column_1_1 1_1 fusion-one-full fusion-column-first fusion-column-last fusion-column-no-min-height\" style=\"--awb-bg-size:cover;--awb-margin-top:0px;--awb-margin-bottom:0px;\"><div class=\"fusion-column-wrapper fusion-flex-column-wrapper-legacy\"><div class=\"fusion-sep-clear\"><\/div><div class=\"fusion-separator fusion-full-width-sep\" style=\"margin-left: auto;margin-right: auto;width:100%;\"><div class=\"fusion-separator-border sep-single sep-solid\" style=\"border-color:#e0dede;border-top-width:1px;\"><\/div><\/div><div class=\"fusion-sep-clear\"><\/div><div class=\"fusion-clearfix\"><\/div><\/div><\/div><div class=\"fusion-layout-column fusion_builder_column fusion-builder-column-9 fusion_builder_column_1_2 1_2 fusion-one-half fusion-column-first desktopFloatRightLast\" style=\"--awb-padding-top:30px;--awb-padding-right:0px;--awb-padding-bottom:30px;--awb-padding-left:0px;--awb-bg-size:cover;width:48%; margin-right: 4%;\"><div class=\"fusion-column-wrapper fusion-flex-column-wrapper-legacy\"><div class=\"fusion-image-element in-legacy-container\"><span class=\" fusion-imageframe imageframe-none imageframe-4 hover-type-none\"><img decoding=\"async\" width=\"2208\" height=\"1392\" alt=\"3D Rekonstruktion\" title=\"SoftwareDevelopment_Expertise\" src=\"https:\/\/www.evotegra.de\/wp-content\/uploads\/2016\/09\/SoftwareDevelopment_Expertise.png\" class=\"img-responsive wp-image-12473\" srcset=\"https:\/\/www.evotegra.de\/wp-content\/uploads\/2016\/09\/SoftwareDevelopment_Expertise-200x126.png 200w, https:\/\/www.evotegra.de\/wp-content\/uploads\/2016\/09\/SoftwareDevelopment_Expertise-400x252.png 400w, https:\/\/www.evotegra.de\/wp-content\/uploads\/2016\/09\/SoftwareDevelopment_Expertise-600x378.png 600w, https:\/\/www.evotegra.de\/wp-content\/uploads\/2016\/09\/SoftwareDevelopment_Expertise-800x504.png 800w, https:\/\/www.evotegra.de\/wp-content\/uploads\/2016\/09\/SoftwareDevelopment_Expertise-1200x757.png 1200w, https:\/\/www.evotegra.de\/wp-content\/uploads\/2016\/09\/SoftwareDevelopment_Expertise.png 2208w\" sizes=\"(max-width: 800px) 100vw, 600px\" \/><\/span><\/div><div class=\"fusion-clearfix\"><\/div><\/div><\/div><div class=\"fusion-layout-column fusion_builder_column fusion-builder-column-10 fusion_builder_column_1_2 1_2 fusion-one-half fusion-column-last desktopFloatRight\" style=\"--awb-padding-top:30px;--awb-padding-right:0px;--awb-padding-bottom:30px;--awb-padding-left:0px;--awb-bg-size:cover;width:48%;\"><div class=\"fusion-column-wrapper fusion-flex-column-wrapper-legacy\"><div class=\"fusion-title title fusion-title-4 fusion-sep-none fusion-title-text fusion-title-size-two\" style=\"--awb-margin-bottom:0px;\"><h2 class=\"title-heading-left\" style=\"margin:0;\">Software Entwicklung<\/h2><\/div><div class=\"fusion-text fusion-text-4\"><p>In diesem Bereich konzentrieren wir uns auf die Umsetzung von kundenspezifischen L\u00f6sungen und Systemintegration.<\/p>\n<p>Dabei unterst\u00fctzen wir eine breite Palette an Programmiersprachen und Plattformen. Unsere Softwarel\u00f6sungen laufen auf Servern wie auf Mobilger\u00e4ten und Embeddedsystemen. Unsere Hauptsprachen sind C++, C# und Java.<\/p>\n<\/div><div class=\"fusion-clearfix\"><\/div><\/div><\/div><div class=\"fusion-layout-column fusion_builder_column fusion-builder-column-11 fusion_builder_column_1_1 1_1 fusion-one-full fusion-column-first fusion-column-last fusion-column-no-min-height\" style=\"--awb-bg-size:cover;--awb-margin-top:0px;--awb-margin-bottom:0px;\"><div class=\"fusion-column-wrapper fusion-flex-column-wrapper-legacy\"><div class=\"fusion-sep-clear\"><\/div><div class=\"fusion-separator fusion-full-width-sep\" style=\"margin-left: auto;margin-right: auto;width:100%;\"><div class=\"fusion-separator-border sep-single sep-solid\" style=\"border-color:#e0dede;border-top-width:1px;\"><\/div><\/div><div class=\"fusion-sep-clear\"><\/div><div class=\"fusion-clearfix\"><\/div><\/div><\/div><div class=\"fusion-layout-column fusion_builder_column fusion-builder-column-12 fusion_builder_column_1_2 1_2 fusion-one-half fusion-column-first\" style=\"--awb-padding-top:30px;--awb-padding-right:0px;--awb-padding-bottom:30px;--awb-padding-left:0px;--awb-bg-size:cover;width:48%; margin-right: 4%;\"><div class=\"fusion-column-wrapper fusion-flex-column-wrapper-legacy\"><div class=\"fusion-image-element in-legacy-container\"><span class=\" fusion-imageframe imageframe-none imageframe-5 hover-type-none\"><img decoding=\"async\" width=\"2208\" height=\"1392\" alt=\"Infrastrukturmanagement\" title=\"Artificial-intelligence_Expertise\" src=\"https:\/\/www.evotegra.de\/wp-content\/uploads\/2016\/09\/Artificial-intelligence_Expertise.png\" class=\"img-responsive wp-image-12470\" srcset=\"https:\/\/www.evotegra.de\/wp-content\/uploads\/2016\/09\/Artificial-intelligence_Expertise-200x126.png 200w, https:\/\/www.evotegra.de\/wp-content\/uploads\/2016\/09\/Artificial-intelligence_Expertise-400x252.png 400w, https:\/\/www.evotegra.de\/wp-content\/uploads\/2016\/09\/Artificial-intelligence_Expertise-600x378.png 600w, https:\/\/www.evotegra.de\/wp-content\/uploads\/2016\/09\/Artificial-intelligence_Expertise-800x504.png 800w, https:\/\/www.evotegra.de\/wp-content\/uploads\/2016\/09\/Artificial-intelligence_Expertise-1200x757.png 1200w, https:\/\/www.evotegra.de\/wp-content\/uploads\/2016\/09\/Artificial-intelligence_Expertise.png 2208w\" sizes=\"(max-width: 800px) 100vw, 600px\" \/><\/span><\/div><div class=\"fusion-clearfix\"><\/div><\/div><\/div><div class=\"fusion-layout-column fusion_builder_column fusion-builder-column-13 fusion_builder_column_1_2 1_2 fusion-one-half fusion-column-last\" style=\"--awb-padding-top:30px;--awb-padding-right:0px;--awb-padding-bottom:30px;--awb-padding-left:0px;--awb-bg-size:cover;width:48%;\"><div class=\"fusion-column-wrapper fusion-flex-column-wrapper-legacy\"><div class=\"fusion-title title fusion-title-5 fusion-sep-none fusion-title-text fusion-title-size-two\" style=\"--awb-margin-bottom:0px;\"><h2 class=\"title-heading-left\" style=\"margin:0;\">K\u00fcnstliche Intelligenz<\/h2><\/div><div class=\"fusion-text fusion-text-5\"><p>Wir verwenden k\u00fcnstliche Intelligenz im Zusammenhang mit Bildern und Daten. Im Bezug auf Bilder bieten wir Deep Learning basierte Klassifikation, Objekterkennung und Segmentierung. In Bezug auf Daten bieten wir Klassifikation, Regression, Anomalieerkennung und Clusterl\u00f6sungen.<\/p>\n<p>Wir beraten Kunden dabei wie sie von k\u00fcnstlicher Intelligenz in ihrem Gesch\u00e4ftsbereich profitieren k\u00f6nnen, wir begleiten sie durch KI-Projekte und unterst\u00fctzen der Entwicklung von neuen Prozessen mit der Integration von KI in individuelle Umgebungen.<\/p>\n<\/div><div class=\"fusion-clearfix\"><\/div><\/div><\/div><div class=\"fusion-layout-column fusion_builder_column fusion-builder-column-14 fusion_builder_column_1_1 1_1 fusion-one-full fusion-column-first fusion-column-last fusion-column-no-min-height\" style=\"--awb-bg-size:cover;--awb-margin-top:0px;--awb-margin-bottom:0px;\"><div class=\"fusion-column-wrapper fusion-flex-column-wrapper-legacy\"><div class=\"fusion-sep-clear\"><\/div><div class=\"fusion-separator fusion-full-width-sep\" style=\"margin-left: auto;margin-right: auto;width:100%;\"><div class=\"fusion-separator-border sep-single sep-solid\" style=\"border-color:#e0dede;border-top-width:1px;\"><\/div><\/div><div class=\"fusion-sep-clear\"><\/div><div class=\"fusion-clearfix\"><\/div><\/div><\/div><div class=\"fusion-layout-column fusion_builder_column fusion-builder-column-15 fusion_builder_column_1_2 1_2 fusion-one-half fusion-column-first\" style=\"--awb-padding-top:30px;--awb-padding-right:0px;--awb-padding-bottom:30px;--awb-padding-left:0px;--awb-bg-size:cover;width:48%; margin-right: 4%;\"><div class=\"fusion-column-wrapper fusion-flex-column-wrapper-legacy\"><div class=\"fusion-text fusion-text-6\"><p>Mit uns bleiben sie vorne!<br \/>\nWenn sie mehr wissen wollen kontaktieren sie uns&#8230;<\/p>\n<\/div><div class=\"fusion-clearfix\"><\/div><\/div><\/div><div class=\"fusion-layout-column fusion_builder_column fusion-builder-column-16 fusion_builder_column_1_2 1_2 fusion-one-half fusion-column-last\" style=\"--awb-padding-top:30px;--awb-padding-right:0px;--awb-padding-bottom:30px;--awb-padding-left:0px;--awb-bg-size:cover;width:48%;\"><div class=\"fusion-column-wrapper fusion-flex-column-wrapper-legacy\"><div class=\"fusion-text fusion-text-7\"><p>Ihr Kontakt per Email: <a href=\"mailto:info@evotegra.de\" target=\"_blank\" rel=\"noopener noreferrer\">info@evotegra.de<\/a><br \/>\nEVOTEGRA | concepts &amp; integration<\/p>\n<\/div><div class=\"fusion-clearfix\"><\/div><\/div><\/div><\/div><\/div>\n","protected":false},"excerpt":{"rendered":"","protected":false},"author":1995,"featured_media":0,"parent":0,"menu_order":0,"comment_status":"closed","ping_status":"closed","template":"","meta":{"footnotes":""},"_links":{"self":[{"href":"https:\/\/www.evotegra.de\/de\/wp-json\/wp\/v2\/pages\/12709"}],"collection":[{"href":"https:\/\/www.evotegra.de\/de\/wp-json\/wp\/v2\/pages"}],"about":[{"href":"https:\/\/www.evotegra.de\/de\/wp-json\/wp\/v2\/types\/page"}],"author":[{"embeddable":true,"href":"https:\/\/www.evotegra.de\/de\/wp-json\/wp\/v2\/users\/1995"}],"replies":[{"embeddable":true,"href":"https:\/\/www.evotegra.de\/de\/wp-json\/wp\/v2\/comments?post=12709"}],"version-history":[{"count":27,"href":"https:\/\/www.evotegra.de\/de\/wp-json\/wp\/v2\/pages\/12709\/revisions"}],"predecessor-version":[{"id":13256,"href":"https:\/\/www.evotegra.de\/de\/wp-json\/wp\/v2\/pages\/12709\/revisions\/13256"}],"wp:attachment":[{"href":"https:\/\/www.evotegra.de\/de\/wp-json\/wp\/v2\/media?parent=12709"}],"curies":[{"name":"wp","href":"https:\/\/api.w.org\/{rel}","templated":true}]}}