{"id":12687,"date":"2019-08-12T13:08:26","date_gmt":"2019-08-12T13:08:26","guid":{"rendered":"http:\/\/www.evotegra.de\/uber-uns\/"},"modified":"2019-11-22T20:23:09","modified_gmt":"2019-11-22T20:23:09","slug":"uber-uns","status":"publish","type":"page","link":"https:\/\/www.evotegra.de\/de\/uber-uns\/","title":{"rendered":"\u00dcber uns"},"content":{"rendered":"<p><div class=\"fusion-fullwidth fullwidth-box fusion-builder-row-1 hundred-percent-fullwidth non-hundred-percent-height-scrolling\" style=\"--awb-border-radius-top-left:0px;--awb-border-radius-top-right:0px;--awb-border-radius-bottom-right:0px;--awb-border-radius-bottom-left:0px;--awb-overflow:visible;\" ><div class=\"fusion-builder-row fusion-row\"><div class=\"fusion-layout-column fusion_builder_column fusion-builder-column-0 fusion_builder_column_1_2 1_2 fusion-one-half fusion-column-first desktopFloatRightLast\" style=\"--awb-padding-top:30px;--awb-padding-right:0px;--awb-padding-bottom:30px;--awb-padding-left:0px;--awb-bg-size:cover;width:48%; margin-right: 4%;\"><div class=\"fusion-column-wrapper fusion-flex-column-wrapper-legacy\"><div class=\"fusion-image-element in-legacy-container\"><span class=\" fusion-imageframe imageframe-none imageframe-1 hover-type-none\"><img decoding=\"async\" width=\"533\" height=\"400\" title=\"OLYMPUS DIGITAL CAMERA\" src=\"https:\/\/www.evotegra.de\/wp-content\/uploads\/2016\/12\/K19-0318man-056a_web.jpg\" alt class=\"img-responsive wp-image-12629\" srcset=\"https:\/\/www.evotegra.de\/wp-content\/uploads\/2016\/12\/K19-0318man-056a_web-200x150.jpg 200w, https:\/\/www.evotegra.de\/wp-content\/uploads\/2016\/12\/K19-0318man-056a_web-400x300.jpg 400w, https:\/\/www.evotegra.de\/wp-content\/uploads\/2016\/12\/K19-0318man-056a_web.jpg 533w\" sizes=\"(max-width: 800px) 100vw, 533px\" \/><\/span><\/div><div class=\"fusion-clearfix\"><\/div><\/div><\/div><div class=\"fusion-layout-column fusion_builder_column fusion-builder-column-1 fusion_builder_column_1_2 1_2 fusion-one-half fusion-column-last desktopFloatRight\" style=\"--awb-padding-top:60px;--awb-padding-right:0px;--awb-padding-bottom:30px;--awb-padding-left:0px;--awb-bg-size:cover;width:48%;\"><div class=\"fusion-column-wrapper fusion-flex-column-wrapper-legacy\"><div class=\"fusion-title title fusion-title-1 fusion-sep-none fusion-title-text fusion-title-size-two\"><h2 class=\"title-heading-left\" style=\"margin:0;\">\u00dcber uns<\/h2><\/div><div class=\"fusion-text fusion-text-1\"><p>Die Evotegra GmbH befindet sich im Rhein-Main-Gebiet in der unmittelbaren Umgebung von Mainz.<\/p>\n<p>Unsere Kernkompetenz sind kundenspezifische L\u00f6sungen der Bildverarbeitung mit k\u00fcnstlicher Intelligenz und 3D-Rekonstruktion mit Stereo-Kameras. Wir bieten Komplettl\u00f6sungen bestehend aus Beratung, Datenmanagement, Umsetzung und tiefer Prozessintegration.<\/p>\n<p>Wir helfen unseren Kunden die Herausforderungen von Industrie 4.0 und Digitalisierung zu meistern. Kunden aus dem Bereich Automotive, Karten, Finanzen und Industrie profitieren zus\u00e4tzlich von unseren reichen Projekterfahrungen in diesen Bereichen.<\/p>\n<p>Bekommen Sie einen Eindruck von unseren L\u00f6sungen auf <a href=\"https:\/\/www.youtube.com\/channel\/UC45pslmvP0EtfJQAm8BpZ1w\" rel=\"https:\/\/www.youtube.com\/channel\/UC45pslmvP0EtfJQAm8BpZ1w\"><img decoding=\"async\" class=\"alignnone wp-image-12560 size-full\" src=\"http:\/\/www.evotegra.de\/wp-content\/uploads\/2016\/09\/yt_logo_rgb_light-e1554877081986.png\" alt=\"\" width=\"89\" height=\"20\"><\/a> oder fragen sie eine Live-Demo in ihrem Haus an.<\/p>\n<\/div><div class=\"fusion-clearfix\"><\/div><\/div><\/div><div class=\"fusion-layout-column fusion_builder_column fusion-builder-column-2 fusion_builder_column_1_1 1_1 fusion-one-full fusion-column-first fusion-column-last fusion-column-no-min-height\" style=\"--awb-bg-size:cover;--awb-margin-top:0px;--awb-margin-bottom:0px;\"><div class=\"fusion-column-wrapper fusion-flex-column-wrapper-legacy\"><div class=\"fusion-sep-clear\"><\/div><div class=\"fusion-separator fusion-full-width-sep\" style=\"margin-left: auto;margin-right: auto;width:100%;\"><div class=\"fusion-separator-border sep-single sep-solid\" style=\"border-color:#e0dede;border-top-width:1px;\"><\/div><\/div><div class=\"fusion-sep-clear\"><\/div><div class=\"fusion-clearfix\"><\/div><\/div><\/div><div class=\"fusion-layout-column fusion_builder_column fusion-builder-column-3 fusion_builder_column_1_2 1_2 fusion-one-half fusion-column-first fusion-column-no-min-height\" style=\"--awb-padding-top:30px;--awb-padding-bottom:30px;--awb-bg-size:cover;--awb-margin-top:0px;--awb-margin-bottom:0px;width:48%; margin-right: 4%;\"><div class=\"fusion-column-wrapper fusion-flex-column-wrapper-legacy\"><div class=\"fusion-title title fusion-title-2 fusion-title-text fusion-title-size-two\"><h2 class=\"title-heading-left\" style=\"margin:0;\">Mitglied des NVIDIA Inception Programms<\/h2><span class=\"awb-title-spacer\"><\/span><div class=\"title-sep-container\"><div class=\"title-sep sep- sep-solid\" style=\"border-color:#e0dede;\"><\/div><\/div><\/div><div class=\"fusion-text fusion-text-2\"><p>Die Evotegra GmbH ist jetzt Teil des <a href=\"https:\/\/www.nvidia.com\/en-us\/deep-learning-ai\/startups\/\">NVIDIA Inception Programms<\/a>, dass sich zur Aufgabe gemacht hat innovative Startups im Bereich der k\u00fcnstlichen Intelligenz und Data Science zu unterst\u00fctzen.<\/p>\n<p>Das NVIDIA Inception-Programm hilft Evotegra, mit technischen Experten und Ressourcen in Kontakt zu treten, um die beste Leistung f\u00fcr unsere L\u00f6sungen zu erhalten.<\/p>\n<p>Das Inception-Programm von NVIDIA ist ein virtuelles Beschleunigerprogramm, das Startups in kritischen Phasen der Produktentwicklung, des Prototypings und der Bereitstellung unterst\u00fctzt.<\/p>\n<\/div><div class=\"fusion-clearfix\"><\/div><\/div><\/div><div class=\"fusion-layout-column fusion_builder_column fusion-builder-column-4 fusion_builder_column_1_2 1_2 fusion-one-half fusion-column-last fusion-column-no-min-height\" style=\"--awb-padding-top:30px;--awb-padding-bottom:30px;--awb-bg-size:cover;--awb-margin-top:0px;--awb-margin-bottom:0px;width:48%;\"><div class=\"fusion-column-wrapper fusion-flex-column-wrapper-legacy\"><div class=\"fusion-image-element in-legacy-container\"><span class=\" fusion-imageframe imageframe-none imageframe-2 hover-type-none\"><img decoding=\"async\" width=\"1024\" height=\"555\" alt=\"Gutenberg Digital Hub\" title=\"NV_Inception_Program_Logo_NV_Inception_Logo_H_CMYK\" src=\"http:\/\/www.evotegra.de\/wp-content\/uploads\/2019\/04\/NV_Inception_Program_Logo_NV_Inception_Logo_H_CMYK-1024x555.png\" class=\"img-responsive wp-image-12638\" srcset=\"https:\/\/www.evotegra.de\/wp-content\/uploads\/2019\/04\/NV_Inception_Program_Logo_NV_Inception_Logo_H_CMYK-200x108.png 200w, https:\/\/www.evotegra.de\/wp-content\/uploads\/2019\/04\/NV_Inception_Program_Logo_NV_Inception_Logo_H_CMYK-400x217.png 400w, https:\/\/www.evotegra.de\/wp-content\/uploads\/2019\/04\/NV_Inception_Program_Logo_NV_Inception_Logo_H_CMYK-600x325.png 600w, https:\/\/www.evotegra.de\/wp-content\/uploads\/2019\/04\/NV_Inception_Program_Logo_NV_Inception_Logo_H_CMYK-800x434.png 800w, https:\/\/www.evotegra.de\/wp-content\/uploads\/2019\/04\/NV_Inception_Program_Logo_NV_Inception_Logo_H_CMYK-1200x651.png 1200w, https:\/\/www.evotegra.de\/wp-content\/uploads\/2019\/04\/NV_Inception_Program_Logo_NV_Inception_Logo_H_CMYK.png 1221w\" sizes=\"(max-width: 800px) 100vw, 600px\" \/><\/span><\/div><div class=\"fusion-clearfix\"><\/div><\/div><\/div><div class=\"fusion-layout-column fusion_builder_column fusion-builder-column-5 fusion_builder_column_1_1 1_1 fusion-one-full fusion-column-first fusion-column-last fusion-column-no-min-height\" style=\"--awb-bg-size:cover;--awb-margin-top:0px;--awb-margin-bottom:0px;\"><div class=\"fusion-column-wrapper fusion-flex-column-wrapper-legacy\"><div class=\"fusion-sep-clear\"><\/div><div class=\"fusion-separator fusion-full-width-sep\" style=\"margin-left: auto;margin-right: auto;width:100%;\"><div class=\"fusion-separator-border sep-single sep-solid\" style=\"border-color:#e0dede;border-top-width:1px;\"><\/div><\/div><div class=\"fusion-sep-clear\"><\/div><div class=\"fusion-clearfix\"><\/div><\/div><\/div><div class=\"fusion-layout-column fusion_builder_column fusion-builder-column-6 fusion_builder_column_1_2 1_2 fusion-one-half fusion-column-first\" style=\"--awb-padding-top:30px;--awb-padding-bottom:30px;--awb-bg-size:cover;width:50%;width:calc(50% - ( ( 4% ) * 0.5 ) );margin-right: 4%;\"><div class=\"fusion-column-wrapper fusion-flex-column-wrapper-legacy\"><div class=\"fusion-image-element in-legacy-container\"><span class=\" fusion-imageframe imageframe-none imageframe-3 hover-type-none\"><img decoding=\"async\" width=\"810\" height=\"450\" alt=\"Gutenberg Digital Hub\" title=\"Gutenberg-Digital-Hub-Mainz-Logo\" src=\"https:\/\/www.evotegra.de\/wp-content\/uploads\/2016\/12\/Gutenberg-Digital-Hub-Mainz-Logo.png\" class=\"img-responsive wp-image-12555\" srcset=\"https:\/\/www.evotegra.de\/wp-content\/uploads\/2016\/12\/Gutenberg-Digital-Hub-Mainz-Logo-200x111.png 200w, https:\/\/www.evotegra.de\/wp-content\/uploads\/2016\/12\/Gutenberg-Digital-Hub-Mainz-Logo-400x222.png 400w, https:\/\/www.evotegra.de\/wp-content\/uploads\/2016\/12\/Gutenberg-Digital-Hub-Mainz-Logo-600x333.png 600w, https:\/\/www.evotegra.de\/wp-content\/uploads\/2016\/12\/Gutenberg-Digital-Hub-Mainz-Logo-800x444.png 800w, https:\/\/www.evotegra.de\/wp-content\/uploads\/2016\/12\/Gutenberg-Digital-Hub-Mainz-Logo.png 810w\" sizes=\"(max-width: 800px) 100vw, 600px\" \/><\/span><\/div><div class=\"fusion-clearfix\"><\/div><\/div><\/div><div class=\"fusion-layout-column fusion_builder_column fusion-builder-column-7 fusion_builder_column_1_2 1_2 fusion-one-half fusion-column-last\" style=\"--awb-padding-top:30px;--awb-padding-bottom:30px;--awb-bg-size:cover;width:50%;width:calc(50% - ( ( 4% ) * 0.5 ) );\"><div class=\"fusion-column-wrapper fusion-flex-column-wrapper-legacy\"><div class=\"fusion-title title fusion-title-3 fusion-title-text fusion-title-size-two\"><h2 class=\"title-heading-left\" style=\"margin:0;\">Evotegra wird Mitglied des Gutenberg Digital Hub e.V.<\/h2><span class=\"awb-title-spacer\"><\/span><div class=\"title-sep-container\"><div class=\"title-sep sep- sep-solid\" style=\"border-color:#e0dede;\"><\/div><\/div><\/div><div class=\"fusion-text fusion-text-3\"><p>Wir freuen uns, dass die Evotegra GmbH jetzt ein aktives Mitglied des <a href=\"http:\/\/www.gutenberg-digital-hub.de\/\">Mainzer Gutenberg Digital Hub e.V.<\/a> ist.<\/p>\n<p>&#8222;<span class=\"tlid-translation translation\" lang=\"en\"><span class=\"\" title=\"\">Der Gutenberg Digital Hub in Mainz ist ein Zusammenschluss der regionalen Wirtschaft, Wissenschaft und \u00f6ffentlicher Institutionen.<\/span><\/span><br \/>\n<span class=\"tlid-translation translation\" lang=\"en\"><span class=\"\" title=\"\">Es wird ein Zentrum f\u00fcr digitale Anwender aus Industrie, Startups, lokaler IT-Industrie sowie Wissenschaft werden.<\/span><\/span>&#8220;<\/p>\n<\/div><div class=\"fusion-clearfix\"><\/div><\/div><\/div><\/div><\/div><div class=\"fusion-fullwidth fullwidth-box fusion-builder-row-2 nonhundred-percent-fullwidth non-hundred-percent-height-scrolling\" style=\"--awb-border-radius-top-left:0px;--awb-border-radius-top-right:0px;--awb-border-radius-bottom-right:0px;--awb-border-radius-bottom-left:0px;\" ><div class=\"fusion-builder-row fusion-row\"><div class=\"fusion-layout-column fusion_builder_column fusion-builder-column-8 fusion_builder_column_1_1 1_1 fusion-one-full fusion-column-first fusion-column-last\" style=\"--awb-bg-size:cover;\"><div class=\"fusion-column-wrapper fusion-flex-column-wrapper-legacy\"><div class=\"fusion-sep-clear\"><\/div><div class=\"fusion-separator fusion-full-width-sep\" style=\"margin-left: auto;margin-right: auto;width:100%;\"><div class=\"fusion-separator-border sep-single sep-solid\" style=\"border-color:#e0dede;border-top-width:1px;\"><\/div><\/div><div class=\"fusion-sep-clear\"><\/div><div class=\"fusion-clearfix\"><\/div><\/div><\/div><\/div><\/div><div class=\"fusion-fullwidth fullwidth-box fusion-builder-row-3 nonhundred-percent-fullwidth non-hundred-percent-height-scrolling\" style=\"--awb-border-radius-top-left:0px;--awb-border-radius-top-right:0px;--awb-border-radius-bottom-right:0px;--awb-border-radius-bottom-left:0px;\" ><div class=\"fusion-builder-row fusion-row\"><div class=\"fusion-layout-column fusion_builder_column fusion-builder-column-9 fusion_builder_column_1_2 1_2 fusion-one-half fusion-column-first\" style=\"--awb-padding-top:30px;--awb-padding-bottom:30px;--awb-bg-size:cover;width:50%;width:calc(50% - ( ( 4% ) * 0.5 ) );margin-right: 4%;\"><div class=\"fusion-column-wrapper fusion-flex-column-wrapper-legacy\"><div class=\"fusion-title title fusion-title-4 fusion-title-text fusion-title-size-two\"><h2 class=\"title-heading-left\" style=\"margin:0;\">Evotegra GmbH tritt dem KI-Bundesverband e.V. bei.<\/h2><span class=\"awb-title-spacer\"><\/span><div class=\"title-sep-container\"><div class=\"title-sep sep- sep-solid\" style=\"border-color:#e0dede;\"><\/div><\/div><\/div><div class=\"fusion-text fusion-text-4\"><p>Wir freuen uns, dass die Evotegra dem <a href=\"https:\/\/ki-verband.de\/\">KI-Bundesverband e.V.<\/a> beigetreten ist.<\/p>\n<p>Der <span class=\"tlid-translation translation\" lang=\"en\"><span class=\"\" title=\"\">KI Bundesverband besteht aus mehr als 160 innovativen Unternehmen, KMU, Startups und Experten, f\u00fcr die die Entwicklung und Anwendung k\u00fcnstlicher Intelligenz-basierter Technologien ein zentraler Gesch\u00e4ftszweck ist.&#8220;<\/span><\/span><\/p>\n<\/div><div class=\"fusion-clearfix\"><\/div><\/div><\/div><div class=\"fusion-layout-column fusion_builder_column fusion-builder-column-10 fusion_builder_column_1_2 1_2 fusion-one-half fusion-column-last\" style=\"--awb-padding-top:30px;--awb-padding-bottom:30px;--awb-bg-size:cover;width:50%;width:calc(50% - ( ( 4% ) * 0.5 ) );\"><div class=\"fusion-column-wrapper fusion-flex-column-wrapper-legacy\"><div class=\"fusion-image-element in-legacy-container\"><span class=\" fusion-imageframe imageframe-none imageframe-4 hover-type-none\"><img decoding=\"async\" width=\"300\" height=\"150\" title=\"Smaller-logo-with-text_transparent_181026_KMA-300&#215;150\" src=\"http:\/\/www.evotegra.de\/wp-content\/uploads\/2016\/12\/Smaller-logo-with-text_transparent_181026_KMA-300x150-e1554841362448.png\" alt class=\"img-responsive wp-image-12556\"\/><\/span><\/div><div class=\"fusion-clearfix\"><\/div><\/div><\/div><\/div><\/div><div class=\"fusion-fullwidth fullwidth-box fusion-builder-row-4 nonhundred-percent-fullwidth non-hundred-percent-height-scrolling\" style=\"--awb-border-radius-top-left:0px;--awb-border-radius-top-right:0px;--awb-border-radius-bottom-right:0px;--awb-border-radius-bottom-left:0px;\" ><div class=\"fusion-builder-row fusion-row\"><div class=\"fusion-layout-column fusion_builder_column fusion-builder-column-11 fusion_builder_column_1_1 1_1 fusion-one-full fusion-column-first fusion-column-last\" style=\"--awb-bg-size:cover;\"><div class=\"fusion-column-wrapper fusion-flex-column-wrapper-legacy\"><div class=\"fusion-sep-clear\"><\/div><div class=\"fusion-separator fusion-full-width-sep\" style=\"margin-left: auto;margin-right: auto;width:100%;\"><div class=\"fusion-separator-border sep-single sep-solid\" style=\"border-color:#e0dede;border-top-width:1px;\"><\/div><\/div><div class=\"fusion-sep-clear\"><\/div><div class=\"fusion-clearfix\"><\/div><\/div><\/div><\/div><\/div><\/p>\n","protected":false},"excerpt":{"rendered":"","protected":false},"author":1995,"featured_media":0,"parent":0,"menu_order":0,"comment_status":"closed","ping_status":"closed","template":"","meta":{"footnotes":""},"_links":{"self":[{"href":"https:\/\/www.evotegra.de\/de\/wp-json\/wp\/v2\/pages\/12687"}],"collection":[{"href":"https:\/\/www.evotegra.de\/de\/wp-json\/wp\/v2\/pages"}],"about":[{"href":"https:\/\/www.evotegra.de\/de\/wp-json\/wp\/v2\/types\/page"}],"author":[{"embeddable":true,"href":"https:\/\/www.evotegra.de\/de\/wp-json\/wp\/v2\/users\/1995"}],"replies":[{"embeddable":true,"href":"https:\/\/www.evotegra.de\/de\/wp-json\/wp\/v2\/comments?post=12687"}],"version-history":[{"count":26,"href":"https:\/\/www.evotegra.de\/de\/wp-json\/wp\/v2\/pages\/12687\/revisions"}],"predecessor-version":[{"id":13260,"href":"https:\/\/www.evotegra.de\/de\/wp-json\/wp\/v2\/pages\/12687\/revisions\/13260"}],"wp:attachment":[{"href":"https:\/\/www.evotegra.de\/de\/wp-json\/wp\/v2\/media?parent=12687"}],"curies":[{"name":"wp","href":"https:\/\/api.w.org\/{rel}","templated":true}]}}