{"id":11958,"date":"2016-12-16T14:20:32","date_gmt":"2016-12-16T14:20:32","guid":{"rendered":"http:\/\/www.evotegra.de\/?page_id=11958\/"},"modified":"2019-08-12T10:32:57","modified_gmt":"2019-08-12T10:32:57","slug":"imprint","status":"publish","type":"page","link":"https:\/\/www.evotegra.de\/de\/imprint\/","title":{"rendered":"Imprint"},"content":{"rendered":"<div class=\"fusion-fullwidth fullwidth-box fusion-builder-row-1 nonhundred-percent-fullwidth non-hundred-percent-height-scrolling\" style=\"--awb-border-radius-top-left:0px;--awb-border-radius-top-right:0px;--awb-border-radius-bottom-right:0px;--awb-border-radius-bottom-left:0px;\" ><div class=\"fusion-builder-row fusion-row\"><div class=\"fusion-layout-column fusion_builder_column fusion-builder-column-0 fusion_builder_column_1_1 1_1 fusion-one-full fusion-column-first fusion-column-last\" style=\"--awb-padding-top:30px;--awb-padding-right:0px;--awb-padding-bottom:30px;--awb-padding-left:0px;--awb-bg-size:cover;\"><div class=\"fusion-column-wrapper fusion-flex-column-wrapper-legacy\"><div class=\"fusion-title title fusion-title-1 fusion-sep-none fusion-title-text fusion-title-size-one\" style=\"--awb-margin-bottom:0px;\"><h1 class=\"title-heading-left\" style=\"margin:0;\">Impressum<\/h1><\/div><div class=\"fusion-text fusion-text-1\"><p>Angaben gem\u00e4\u00df \u00a7 5 TMG:<\/p>\n<p>EvoTegra GmbH<br \/>\nKreuzwingert 11 | D \u2013 55296 Gau-Bischofsheim<br \/>\nGesch\u00e4ftsf\u00fchrer: Tobias Manthey<\/p>\n<p><span style=\"color: #000000;\"><strong>Kontakt:<\/strong><\/span><br \/>\nTEL +49 (0) 171 4024242<br \/>\nE-MAIL <a href=\"mailto:info@evotegra.de\" target=\"_blank\" rel=\"noopener noreferrer\">info@evotegra.de<\/a><\/p>\n<p><span style=\"color: #000000;\"><strong>Registereintrag:<\/strong><\/span><br \/>\nEintragung im Handelsregister.<br \/>\nRegistergericht: Amtsgericht Mainz<br \/>\nRegisternummer: B43519<br \/>\nUmsatzsteuer-Identifikationsnummer gem\u00e4\u00df \u00a727 a Umsatzsteuergesetz: DE217667197<\/p>\n<p>&nbsp;<\/p>\n<h2>Haftungsausschluss (Disclaimer)<\/h2>\n<p><strong><span style=\"color: #000000;\">Haftung f\u00fcr Inhalte<\/span><\/strong><br \/>\nAls Diensteanbieter sind wir gem\u00e4\u00df \u00a7 7 Abs.1 TMG f\u00fcr eigene Inhalte auf diesen Seiten nach den allgemeinen Gesetzen verantwortlich. Nach \u00a7\u00a7 8 bis 10 TMG sind wir als Diensteanbieter jedoch nicht verpflichtet, \u00fcbermittelte oder gespeicherte fremde Informationen zu \u00fcberwachen oder nach Umst\u00e4nden zu forschen, die auf eine rechtswidrige T\u00e4tigkeit hinweisen.<\/p>\n<p>Verpflichtungen zur Entfernung oder Sperrung der Nutzung von Informationen nach den allgemeinen Gesetzen bleiben hiervon unber\u00fchrt. Eine diesbez\u00fcgliche Haftung ist jedoch erst ab dem Zeitpunkt der Kenntnis einer konkreten Rechtsverletzung m\u00f6glich. Bei Bekanntwerden von entsprechenden Rechtsverletzungen werden wir diese Inhalte umgehend entfernen.<\/p>\n<p><span style=\"color: #000000;\"><strong>Haftung f\u00fcr Links<\/strong><\/span><br \/>\nUnser Angebot enth\u00e4lt Links zu externen Webseiten Dritter, auf deren Inhalte wir keinen Einfluss haben. Deshalb k\u00f6nnen wir f\u00fcr diese fremden Inhalte auch keine Gew\u00e4hr \u00fcbernehmen. F\u00fcr die Inhalte der verlinkten Seiten ist stets der jeweilige Anbieter oder Betreiber der Seiten verantwortlich. Die verlinkten Seiten wurden zum Zeitpunkt der Verlinkung auf m\u00f6gliche Rechtsverst\u00f6\u00dfe \u00fcberpr\u00fcft. Rechtswidrige Inhalte waren zum Zeitpunkt der Verlinkung nicht erkennbar.<\/p>\n<p>Eine permanente inhaltliche Kontrolle der verlinkten Seiten ist jedoch ohne konkrete Anhaltspunkte einer Rechtsverletzung nicht zumutbar. Bei Bekanntwerden von Rechtsverletzungen werden wir derartige Links umgehend entfernen.<\/p>\n<p><span style=\"color: #000000;\"><strong>Urheberrecht<\/strong><\/span><br \/>\nDie durch die Seitenbetreiber erstellten Inhalte und Werke auf diesen Seiten unterliegen dem deutschen Urheberrecht. Die Vervielf\u00e4ltigung, Bearbeitung, Verbreitung und jede Art der Verwertung au\u00dferhalb der Grenzen des Urheberrechtes bed\u00fcrfen der schriftlichen Zustimmung des jeweiligen Autors bzw. Erstellers. Downloads und Kopien dieser Seite sind nur f\u00fcr den privaten, nicht kommerziellen Gebrauch gestattet.Soweit die Inhalte auf dieser Seite nicht vom Betreiber erstellt wurden, werden die Urheberrechte Dritter beachtet. Insbesondere werden Inhalte Dritter als solche gekennzeichnet. Sollten Sie trotzdem auf eine Urheberrechtsverletzung aufmerksam werden, bitten wir um einen entsprechenden Hinweis. Bei Bekanntwerden von Rechtsverletzungen werden wir derartige Inhalte umgehend entfernen.<\/p>\n<p><span style=\"color: #000000;\"><strong>Datenschutz<\/strong><\/span><br \/>\nDie Betreiber dieser Seiten nehmen den Schutz Ihrer pers\u00f6nlichen Daten sehr ernst. Wir behandeln Ihre personenbezogenen Daten vertraulich und entsprechend der gesetzlichen Datenschutzvorschriften sowie dieser Datenschutzerkl\u00e4rung.<\/p>\n<p>Die Nutzung unserer Webseite ist in der Regel ohne Angabe personenbezogener Daten m\u00f6glich. Soweit auf unseren Seiten personenbezogene Daten (beispielsweise Name, Anschrift oder E-Mail-Adressen) erhoben werden, erfolgt dies, soweit m\u00f6glich, stets auf freiwilliger Basis. Diese Daten werden ohne Ihre ausdr\u00fcckliche Zustimmung nicht an Dritte weitergegeben.<\/p>\n<p>Wir weisen darauf hin, dass die Daten\u00fcbertragung im Internet (z.B. bei der Kommunikation per E-Mail) Sicherheitsl\u00fccken aufweisen kann. Ein l\u00fcckenloser Schutz der Daten vor dem Zugriff durch Dritte ist nicht m\u00f6glich.<\/p>\n<p><span style=\"color: #000000;\"><strong>Datenschutzerkl\u00e4rung f\u00fcr die Nutzung von etracker<\/strong><\/span><br \/>\nUnsere Webseite nutzt den Analysedienst etracker. Anbieter ist die etracker GmbH, Erste Brunnenstra\u00dfe 1, 20459 Hamburg Germany. Aus den Daten k\u00f6nnen unter einem Pseudonym Nutzungsprofile erstellt werden. Dazu k\u00f6nnen Cookies eingesetzt werden. Bei Cookies handelt es sich um kleine Textdateien, die lokal im Zwischenspeicher Ihres Internet-Browsers gespeichert werden. Die Cookies erm\u00f6glichen es, Ihren Browser wieder zu erkennen. Die mit den etracker-Technologien erhobenen Daten werden ohne die gesondert erteilte Zustimmung des Betroffenen nicht genutzt, Besucher unserer Website pers\u00f6nlich zu identifizieren und werden nicht mit personenbezogenen Daten \u00fcber den Tr\u00e4ger des Pseudonyms zusammengef\u00fchrt.<\/p>\n<p>Der Datenerhebung und -speicherung k\u00f6nnen Sie jederzeit mit Wirkung f\u00fcr die Zukunft widersprechen. Um einer Datenerhebung und -speicherung Ihrer Besucherdaten f\u00fcr die Zukunft zu widersprechen, k\u00f6nnen Sie unter nachfolgendem Link ein Opt-Out-Cookie von etracker beziehen, dieser bewirkt, dass zuk\u00fcnftig keine Besucherdaten Ihres Browsers bei etracker erhoben und gespeichert werden: http:\/\/www.etracker.de\/privacy?et=V23Jbb<\/p>\n<p>Dadurch wird ein Opt-Out-Cookie mit dem Namen &#8222;cntcookie&#8220; von etracker gesetzt. Bitte l\u00f6schen Sie diesen Cookie nicht, solange Sie Ihren Widerspruch aufrecht erhalten m\u00f6chten. Weitere Informationen finden Sie in den Datenschutzbestimmungen von etracker: http:\/\/www.etracker.com\/de\/datenschutz.html<\/p>\n<p>Quelle: <a href=\"https:\/\/www.e-recht24.de\" target=\"_blank\" rel=\"noopener noreferrer\">https:\/\/www.e-recht24.de<\/a><\/p>\n<p>&nbsp;<\/p>\n<h2>Credits<\/h2>\n<p><strong><span style=\"color: #000000;\">Konzeption \/ Layout \/ Gestaltung<\/span><\/strong><br \/>\n\u00a9 Frostkeimer Design<br \/>\n<a href=\"http:\/\/www.frostkeimer.de\" target=\"_blank\" rel=\"noopener noreferrer\">frostkeimer.de<\/a><\/p>\n<p><strong><span style=\"color: #000000;\">Bildnachweis<\/span><\/strong><br \/>\nmaria_savenko \/ stock.adobe.de<br \/>\nBillionPhotos.com \/ stock.adobe.de<br \/>\nleungchopan \/ stock.adobe.de<br \/>\ndragonstock \/ stock.adobe.de<br \/>\neverythingpossible \/ stock.adobe.de<br \/>\nAfrica Studio \/ stock.adobe.de<br \/>\nSergey Nivens \/ stock.adobe.de<\/p>\n<\/div><div class=\"fusion-clearfix\"><\/div><\/div><\/div><\/div><\/div>\n","protected":false},"excerpt":{"rendered":"","protected":false},"author":1995,"featured_media":0,"parent":0,"menu_order":0,"comment_status":"closed","ping_status":"closed","template":"","meta":{"footnotes":""},"_links":{"self":[{"href":"https:\/\/www.evotegra.de\/de\/wp-json\/wp\/v2\/pages\/11958"}],"collection":[{"href":"https:\/\/www.evotegra.de\/de\/wp-json\/wp\/v2\/pages"}],"about":[{"href":"https:\/\/www.evotegra.de\/de\/wp-json\/wp\/v2\/types\/page"}],"author":[{"embeddable":true,"href":"https:\/\/www.evotegra.de\/de\/wp-json\/wp\/v2\/users\/1995"}],"replies":[{"embeddable":true,"href":"https:\/\/www.evotegra.de\/de\/wp-json\/wp\/v2\/comments?post=11958"}],"version-history":[{"count":27,"href":"https:\/\/www.evotegra.de\/de\/wp-json\/wp\/v2\/pages\/11958\/revisions"}],"predecessor-version":[{"id":12677,"href":"https:\/\/www.evotegra.de\/de\/wp-json\/wp\/v2\/pages\/11958\/revisions\/12677"}],"wp:attachment":[{"href":"https:\/\/www.evotegra.de\/de\/wp-json\/wp\/v2\/media?parent=11958"}],"curies":[{"name":"wp","href":"https:\/\/api.w.org\/{rel}","templated":true}]}}